{"id":3317,"date":"2021-10-08T19:42:17","date_gmt":"2021-10-08T19:42:17","guid":{"rendered":"http:\/\/66.228.131.60\/?page_id=3317"},"modified":"2021-10-23T19:40:03","modified_gmt":"2021-10-23T19:40:03","slug":"cold-monitor","status":"publish","type":"page","link":"https:\/\/solmoviles.com.mx\/index.php\/productos\/cold-monitor\/","title":{"rendered":"Cold Monitor"},"content":{"rendered":"<p>[vc_section][vc_row][vc_column width=&#8221;1\/2&#8243;][vc_single_image image=&#8221;3682&#8243; img_size=&#8221;medium&#8221; alignment=&#8221;center&#8221;][\/vc_column][vc_column width=&#8221;1\/2&#8243;]<div class=\"mgt-promo-block black-text text-size-normal no-darken mgt-promo-block-70166 wpb_content_element\" data-style=\"width: 100%; height: 200px;\"><div class=\"mgt-promo-block-content\"><div class=\"mgt-promo-block-content-inside\">\n<h2 style=\"text-align: center\"><strong>Administra la Cadena de Frio para transporte de carga<\/strong><\/h2>\nCold monitor te ofrece soluciones de localizaci\u00f3n, monitoreo y administraci\u00f3n para veh\u00edculos refrigerados.<div class=\"mgt-button-wrapper mgt-button-wrapper-align-left mgt-button-wrapper-display-newline mgt-button-top-margin-enable\"><a class=\"btn hvr-bounce-to-right mgt-button mgt-style-solid mgt-size-normal mgt-align-left mgt-display-newline mgt-text-size-normal mgt-button-icon-position-left mgt-text-transform-uppercase \" href=\"http:\/\/66.228.131.60\/index.php\/cotizacion\/\">Realizar Cotizaci\u00f3n<\/a><\/div><\/div><\/div><\/div>[\/vc_column][\/vc_row][vc_row css=&#8221;.vc_custom_1633721255461{padding-top: 30px !important;}&#8221;][vc_column][vc_column_text]Tenga la certeza de que su carga se encuentra en la temperatura \u00f3ptima todo el recorrido con nuestros 3 monitores de temperatura; As\u00ed como detecci\u00f3n de puerta abierta y sensores para ciclos del termo.[\/vc_column_text][\/vc_column][\/vc_row][vc_row][vc_column]<div class=\"mgt-header-block clearfix text-left text-black wpb_content_element  mgt-header-block-style-1 mgt-header-texttransform-header \"><h2 class=\"mgt-header-block-title\">Caracteristicas<\/h2><div class=\"mgt-header-line\"><\/div><\/div>[vc_row_inner][vc_column_inner width=&#8221;1\/3&#8243;]<div class=\"mgt-icon-box wpb_content_element mgt-icon-box-left mgt-icon-fa mgt-icon-background mgt-icon-background-invert text-black \"><div class=\"mgt-icon-box-icon hvr-icon-push\"><div class=\"mgt-font-icon\"><i class=\"fa fa-temperature-low\"><\/i><\/div><\/div><div class=\"mgt-icon-box-content\"><h5>Reporte Gr\u00e1fico de Cadena de Fr\u00edo.<\/h5><\/div><div class=\"clearfix\"><\/div><\/div>[\/vc_column_inner][vc_column_inner width=&#8221;1\/3&#8243;]<div class=\"mgt-icon-box wpb_content_element mgt-icon-box-left mgt-icon-fa mgt-icon-background mgt-icon-background-invert text-black \"><div class=\"mgt-icon-box-icon hvr-icon-push\"><div class=\"mgt-font-icon\"><i class=\"fa fa-toggle-on\"><\/i><\/div><\/div><div class=\"mgt-icon-box-content\"><h5>Reporte de Ciclos de Operaci\u00f3n ON\/OFF del Termo.<\/h5><\/div><div class=\"clearfix\"><\/div><\/div>[\/vc_column_inner][vc_column_inner width=&#8221;1\/3&#8243;]<div class=\"mgt-icon-box wpb_content_element mgt-icon-box-left mgt-icon-fa mgt-icon-background mgt-icon-background-invert text-black \"><div class=\"mgt-icon-box-icon hvr-icon-push\"><div class=\"mgt-font-icon\"><i class=\"fa fa-temperature-high\"><\/i><\/div><\/div><div class=\"mgt-icon-box-content\"><h5>Alerta de Incremento de Temperatura.<\/h5><\/div><div class=\"clearfix\"><\/div><\/div>[\/vc_column_inner][\/vc_row_inner][vc_row_inner][vc_column_inner width=&#8221;1\/3&#8243;]<div class=\"mgt-icon-box wpb_content_element mgt-icon-box-left mgt-icon-fa mgt-icon-background mgt-icon-background-invert text-black \"><div class=\"mgt-icon-box-icon hvr-icon-push\"><div class=\"mgt-font-icon\"><i class=\"fa fa-door-open\"><\/i><\/div><\/div><div class=\"mgt-icon-box-content\"><h5>Alerta de Apertura de Puertas.<\/h5><\/div><div class=\"clearfix\"><\/div><\/div>[\/vc_column_inner][vc_column_inner width=&#8221;1\/3&#8243;]<div class=\"mgt-icon-box wpb_content_element mgt-icon-box-left mgt-icon-fa mgt-icon-background mgt-icon-background-invert text-black \"><div class=\"mgt-icon-box-icon hvr-icon-push\"><div class=\"mgt-font-icon\"><i class=\"fa fa-exclamation-triangle\"><\/i><\/div><\/div><div class=\"mgt-icon-box-content\"><h5>Sensores de Temperatura de Alta Sensibilidad.<\/h5><\/div><div class=\"clearfix\"><\/div><\/div>[\/vc_column_inner][vc_column_inner width=&#8221;1\/3&#8243;]<div class=\"mgt-icon-box wpb_content_element mgt-icon-box-left mgt-icon-fa mgt-icon-background mgt-icon-background-invert text-black \"><div class=\"mgt-icon-box-icon hvr-icon-push\"><div class=\"mgt-font-icon\"><i class=\"fa fa-desktop\"><\/i><\/div><\/div><div class=\"mgt-icon-box-content\"><h5>Monitoreo de Temperatura Unizona o Multizona.<\/h5><\/div><div class=\"clearfix\"><\/div><\/div>[\/vc_column_inner][\/vc_row_inner][\/vc_column][\/vc_row][vc_row][vc_column width=&#8221;1\/2&#8243;]<div class=\"mgt-header-block clearfix text-left text-black wpb_content_element  mgt-header-block-style-1 mgt-header-texttransform-header \"><h2 class=\"mgt-header-block-title\">Beneficios para el Cliente<\/h2><div class=\"mgt-header-line\"><\/div><\/div>[vc_column_text]<\/p>\n<ul>\n<li>Aumenta la productividad.<\/li>\n<li>Se tiene control de operaciones<br \/>\neficaz y eficiente.<\/li>\n<li>Se puede tener estad\u00edsticas de cada<br \/>\nunidad.<\/li>\n<li>Ahorro de dinero por la compra de<br \/>\ntermograficadores desechables, que<br \/>\nson poco confiables.<\/li>\n<\/ul>\n<p>[\/vc_column_text][\/vc_column][vc_column width=&#8221;1\/2&#8243;]<div class=\"mgt-header-block clearfix text-left text-black wpb_content_element  mgt-header-block-style-1 mgt-header-texttransform-header \"><h2 class=\"mgt-header-block-title\">Significativas Reducciones<\/h2><div class=\"mgt-header-line\"><\/div><\/div>[vc_column_text]<\/p>\n<ul>\n<li>Costos de operaci\u00f3n.<\/li>\n<li>Problemas de mantenimiento.<\/li>\n<li>Tiempos muertos.<\/li>\n<li>Perdidas de mercanc\u00eda.<\/li>\n<\/ul>\n<p>[\/vc_column_text][\/vc_column][\/vc_row][\/vc_section]<\/p>\n","protected":false},"excerpt":{"rendered":"<p>[vc_section][vc_row][vc_column width=&#8221;1\/2&#8243;][vc_single_image image=&#8221;3682&#8243; img_size=&#8221;medium&#8221; alignment=&#8221;center&#8221;][\/vc_column][vc_column width=&#8221;1\/2&#8243;][\/vc_column][\/vc_row][vc_row css=&#8221;.vc_custom_1633721255461{padding-top: 30px !important;}&#8221;][vc_column][vc_column_text]Tenga la certeza de que su carga se encuentra en la temperatura \u00f3ptima todo el recorrido con nuestros 3 monitores de temperatura;&#8230;<\/p>\n","protected":false},"author":1,"featured_media":0,"parent":3263,"menu_order":0,"comment_status":"closed","ping_status":"closed","template":"","meta":[],"_links":{"self":[{"href":"https:\/\/solmoviles.com.mx\/index.php\/wp-json\/wp\/v2\/pages\/3317"}],"collection":[{"href":"https:\/\/solmoviles.com.mx\/index.php\/wp-json\/wp\/v2\/pages"}],"about":[{"href":"https:\/\/solmoviles.com.mx\/index.php\/wp-json\/wp\/v2\/types\/page"}],"author":[{"embeddable":true,"href":"https:\/\/solmoviles.com.mx\/index.php\/wp-json\/wp\/v2\/users\/1"}],"replies":[{"embeddable":true,"href":"https:\/\/solmoviles.com.mx\/index.php\/wp-json\/wp\/v2\/comments?post=3317"}],"version-history":[{"count":6,"href":"https:\/\/solmoviles.com.mx\/index.php\/wp-json\/wp\/v2\/pages\/3317\/revisions"}],"predecessor-version":[{"id":3320,"href":"https:\/\/solmoviles.com.mx\/index.php\/wp-json\/wp\/v2\/pages\/3317\/revisions\/3320"}],"up":[{"embeddable":true,"href":"https:\/\/solmoviles.com.mx\/index.php\/wp-json\/wp\/v2\/pages\/3263"}],"wp:attachment":[{"href":"https:\/\/solmoviles.com.mx\/index.php\/wp-json\/wp\/v2\/media?parent=3317"}],"curies":[{"name":"wp","href":"https:\/\/api.w.org\/{rel}","templated":true}]}}