{"id":3287,"date":"2021-10-08T18:45:21","date_gmt":"2021-10-08T18:45:21","guid":{"rendered":"http:\/\/66.228.131.60\/?page_id=3287"},"modified":"2021-12-08T15:44:31","modified_gmt":"2021-12-08T15:44:31","slug":"protec","status":"publish","type":"page","link":"https:\/\/solmoviles.com.mx\/index.php\/productos\/protec\/","title":{"rendered":"Protec"},"content":{"rendered":"<p>[vc_section][vc_row][vc_column width=&#8221;1\/2&#8243;][vc_single_image image=&#8221;3674&#8243; img_size=&#8221;medium&#8221; alignment=&#8221;center&#8221;][\/vc_column][vc_column width=&#8221;1\/2&#8243;]<div class=\"mgt-promo-block black-text text-size-normal no-darken mgt-promo-block-70166 wpb_content_element\" data-style=\"width: 100%; height: 200px;\"><div class=\"mgt-promo-block-content\"><div class=\"mgt-promo-block-content-inside\">\n<h2 style=\"text-align: center\"><strong>Administra y Controla a Distancia sus Veh\u00edculos<\/strong><\/h2>\n<p style=\"text-align: left\">Protec te ofrece soluciones de localizaci\u00f3n, monitoreo y seguridad para veh\u00edculos o flotillas.\n<div class=\"mgt-button-wrapper mgt-button-wrapper-align-left mgt-button-wrapper-display-newline mgt-button-top-margin-enable\"><a class=\"btn hvr-bounce-to-right mgt-button mgt-style-solid mgt-size-normal mgt-align-left mgt-display-newline mgt-text-size-normal mgt-button-icon-position-left mgt-text-transform-uppercase \" href=\"http:\/\/66.228.131.60\/index.php\/cotizacion\/\">Realizar Cotizaci\u00f3n<\/a><\/div><\/div><\/div><\/div>[\/vc_column][\/vc_row][vc_row css=&#8221;.vc_custom_1633721255461{padding-top: 30px !important;}&#8221;][vc_column][vc_column_text]Es nuestro producto m\u00e1s b\u00e1sico, el cual ofrece la ubicaci\u00f3n de sus veh\u00edculos con alertas de exceso de velocidad o incidentes, monitorea acelerones y ofrece un historial de ubicaciones e incidencias por unidad; as\u00ed como un bot\u00f3n de paro de motor remoto. La mayor\u00eda de estos m\u00f3dulos est\u00e1n incluidos en todos nuestros servicios.[\/vc_column_text][\/vc_column][\/vc_row][vc_row][vc_column]<div class=\"mgt-header-block clearfix text-left text-black wpb_content_element  mgt-header-block-style-1 mgt-header-texttransform-header \"><h2 class=\"mgt-header-block-title\">Caracteristicas<\/h2><div class=\"mgt-header-line\"><\/div><\/div>[vc_row_inner][vc_column_inner width=&#8221;1\/3&#8243;]<div class=\"mgt-icon-box wpb_content_element mgt-icon-box-left mgt-icon-fa mgt-icon-background mgt-icon-background-invert text-black \"><div class=\"mgt-icon-box-icon hvr-icon-push\"><div class=\"mgt-font-icon\"><i class=\"fa fa-tachometer-alt\"><\/i><\/div><\/div><div class=\"mgt-icon-box-content\"><h5>Detecta y Ubica Unidades con Exceso de Velocidad.<\/h5><\/div><div class=\"clearfix\"><\/div><\/div>[\/vc_column_inner][vc_column_inner width=&#8221;1\/3&#8243;]<div class=\"mgt-icon-box wpb_content_element mgt-icon-box-left mgt-icon-fa mgt-icon-background mgt-icon-background-invert text-black \"><div class=\"mgt-icon-box-icon hvr-icon-push\"><div class=\"mgt-font-icon\"><i class=\"fa fa-bell\"><\/i><\/div><\/div><div class=\"mgt-icon-box-content\"><h5>Alertas en Dispositivos M\u00f3viles.<\/h5><\/div><div class=\"clearfix\"><\/div><\/div>[\/vc_column_inner][vc_column_inner width=&#8221;1\/3&#8243;]<div class=\"mgt-icon-box wpb_content_element mgt-icon-box-left mgt-icon-fa mgt-icon-background mgt-icon-background-invert text-black \"><div class=\"mgt-icon-box-icon hvr-icon-push\"><div class=\"mgt-font-icon\"><i class=\"fa fa-digital-tachograph\"><\/i><\/div><\/div><div class=\"mgt-icon-box-content\"><h5>Detecta Frenadas y\/o Aceleradas Bruscas.<\/h5><\/div><div class=\"clearfix\"><\/div><\/div>[\/vc_column_inner][\/vc_row_inner][vc_row_inner][vc_column_inner width=&#8221;1\/3&#8243;]<div class=\"mgt-icon-box wpb_content_element mgt-icon-box-left mgt-icon-fa mgt-icon-background mgt-icon-background-invert text-black \"><div class=\"mgt-icon-box-icon hvr-icon-push\"><div class=\"mgt-font-icon\"><i class=\"fa fa-map-marked\"><\/i><\/div><\/div><div class=\"mgt-icon-box-content\"><h5>Reporte Hist\u00f3rico de Ubicaci\u00f3n.<\/h5><\/div><div class=\"clearfix\"><\/div><\/div>[\/vc_column_inner][vc_column_inner width=&#8221;1\/3&#8243;]<div class=\"mgt-icon-box wpb_content_element mgt-icon-box-left mgt-icon-fa mgt-icon-background mgt-icon-background-invert text-black \"><div class=\"mgt-icon-box-icon hvr-icon-push\"><div class=\"mgt-font-icon\"><i class=\"fa fa-first-aid\"><\/i><\/div><\/div><div class=\"mgt-icon-box-content\"><h5>Paro de Motor en Caso de Emergencia.<\/h5><\/div><div class=\"clearfix\"><\/div><\/div>[\/vc_column_inner][vc_column_inner width=&#8221;1\/3&#8243;]<div class=\"mgt-icon-box wpb_content_element mgt-icon-box-left mgt-icon-fa mgt-icon-background mgt-icon-background-invert text-black \"><div class=\"mgt-icon-box-icon hvr-icon-push\"><div class=\"mgt-font-icon\"><i class=\"fa fa-car-crash\"><\/i><\/div><\/div><div class=\"mgt-icon-box-content\"><h5>Reporte del Estado e Incidencias de cada Unidad.<\/h5><\/div><div class=\"clearfix\"><\/div><\/div>[\/vc_column_inner][\/vc_row_inner][\/vc_column][\/vc_row][vc_row][vc_column width=&#8221;1\/2&#8243;]<div class=\"mgt-header-block clearfix text-left text-black wpb_content_element  mgt-header-block-style-1 mgt-header-texttransform-header \"><h2 class=\"mgt-header-block-title\">Beneficios para el Cliente<\/h2><div class=\"mgt-header-line\"><\/div><\/div>[vc_column_text]<\/p>\n<ul>\n<li>Incrementa la vida \u00fatil de las<br \/>\nunidades.<\/li>\n<li>Mayor seguridad.<\/li>\n<li>Se puede tener estad\u00edsticas de cada<br \/>\nunidad.<\/li>\n<li>Reportes ejecutivos a la medida de<br \/>\ncada empresa.<\/li>\n<\/ul>\n<p>[\/vc_column_text][\/vc_column][vc_column width=&#8221;1\/2&#8243;]<div class=\"mgt-header-block clearfix text-left text-black wpb_content_element  mgt-header-block-style-1 mgt-header-texttransform-header \"><h2 class=\"mgt-header-block-title\">Significativas Reducciones<\/h2><div class=\"mgt-header-line\"><\/div><\/div>[vc_column_text]<\/p>\n<ul>\n<li>Costos adicionales por mal manejo.<\/li>\n<li>Problemas de mantenimiento.<\/li>\n<li>Riesgos de accidentes.<\/li>\n<li>Gastos de combustible.<\/li>\n<\/ul>\n<p>[\/vc_column_text][\/vc_column][\/vc_row][\/vc_section]<\/p>\n","protected":false},"excerpt":{"rendered":"<p>[vc_section][vc_row][vc_column width=&#8221;1\/2&#8243;][vc_single_image image=&#8221;3674&#8243; img_size=&#8221;medium&#8221; alignment=&#8221;center&#8221;][\/vc_column][vc_column width=&#8221;1\/2&#8243;][\/vc_column][\/vc_row][vc_row css=&#8221;.vc_custom_1633721255461{padding-top: 30px !important;}&#8221;][vc_column][vc_column_text]Es nuestro producto m\u00e1s b\u00e1sico, el cual ofrece la ubicaci\u00f3n de sus veh\u00edculos con alertas de exceso de velocidad o incidentes, monitorea&#8230;<\/p>\n","protected":false},"author":1,"featured_media":0,"parent":3263,"menu_order":0,"comment_status":"closed","ping_status":"closed","template":"","meta":[],"_links":{"self":[{"href":"https:\/\/solmoviles.com.mx\/index.php\/wp-json\/wp\/v2\/pages\/3287"}],"collection":[{"href":"https:\/\/solmoviles.com.mx\/index.php\/wp-json\/wp\/v2\/pages"}],"about":[{"href":"https:\/\/solmoviles.com.mx\/index.php\/wp-json\/wp\/v2\/types\/page"}],"author":[{"embeddable":true,"href":"https:\/\/solmoviles.com.mx\/index.php\/wp-json\/wp\/v2\/users\/1"}],"replies":[{"embeddable":true,"href":"https:\/\/solmoviles.com.mx\/index.php\/wp-json\/wp\/v2\/comments?post=3287"}],"version-history":[{"count":34,"href":"https:\/\/solmoviles.com.mx\/index.php\/wp-json\/wp\/v2\/pages\/3287\/revisions"}],"predecessor-version":[{"id":3289,"href":"https:\/\/solmoviles.com.mx\/index.php\/wp-json\/wp\/v2\/pages\/3287\/revisions\/3289"}],"up":[{"embeddable":true,"href":"https:\/\/solmoviles.com.mx\/index.php\/wp-json\/wp\/v2\/pages\/3263"}],"wp:attachment":[{"href":"https:\/\/solmoviles.com.mx\/index.php\/wp-json\/wp\/v2\/media?parent=3287"}],"curies":[{"name":"wp","href":"https:\/\/api.w.org\/{rel}","templated":true}]}}