{"id":3263,"date":"2021-10-08T17:48:16","date_gmt":"2021-10-08T17:48:16","guid":{"rendered":"http:\/\/66.228.131.60\/?page_id=3263"},"modified":"2023-05-09T23:13:06","modified_gmt":"2023-05-09T23:13:06","slug":"productos","status":"publish","type":"page","link":"https:\/\/solmoviles.com.mx\/index.php\/productos\/","title":{"rendered":"Productos"},"content":{"rendered":"<p>[vc_section el_id=&#8221;productos&#8221;][vc_row][vc_column]<div class=\"mgt-header-block clearfix text-center text-black wpb_content_element  mgt-header-block-style-1 mgt-header-texttransform-header \"><h2 class=\"mgt-header-block-title\">Nuestros productos principales<\/h2><p class=\"mgt-header-block-subtitle\">``En Soluciones M\u00f3viles contamos con un portafolio de productos innovadores, competitivos y eficaces``<\/p><div class=\"mgt-header-line\"><\/div><\/div>[\/vc_column][\/vc_row][vc_row][vc_column width=&#8221;1\/3&#8243;]<div class=\"mgt-header-block clearfix text-center text-black wpb_content_element  mgt-header-block-style-1 mgt-header-texttransform-header \"><h2 class=\"mgt-header-block-title\">Flotillas<\/h2><div class=\"mgt-header-line\"><\/div><\/div><style scoped='scoped'>.mgt-promo-block-marca-protec.mgt-promo-block.animated:hover .mgt-promo-block-content {background-color: rgba(0,0,0,0.5)!important;}<\/style><div class=\"mgt-promo-block animated white-text cover-image text-size-normal no-darken mgt-promo-block-marca-protec wpb_content_element wpb_animate_when_almost_visible wpb_left-to-right\" data-style=\"background-image: url(https:\/\/solmoviles.com.mx\/wp-content\/uploads\/2021\/11\/car-ga700c1e12_1920.jpg);background-repeat: no-repeat;width: 100%; height: 250px;\"><div class=\"mgt-promo-block-content va-bottom mgt-hide-button\"><div class=\"mgt-promo-block-content-inside\"><div class=\"mgt-button-wrapper mgt-button-wrapper-align-right mgt-button-wrapper-display-newline mgt-button-top-margin-disable\"><a class=\"btn hvr-sweep-to-bottom mgt-button mgt-style-bordered mgt-size-normal mgt-align-right mgt-display-newline mgt-text-size-small mgt-button-icon-position-right mgt-text-transform-uppercase \" href=\"http:\/\/66.228.131.60\/index.php\/productos\/protec\/\">Leer mas<\/a><\/div><\/div><\/div><\/div>[vc_column_text css=&#8221;.vc_custom_1633715542722{padding-top: 25px !important;}&#8221;]<\/p>\n<h4>Protec<\/h4>\n<p>Es nuestro producto m\u00e1s b\u00e1sico, el cual ofrece la ubicaci\u00f3n de sus veh\u00edculos con alertas de exceso de velocidad o incidentes&#8230;.[\/vc_column_text]<div class=\"mgt-button-wrapper mgt-button-wrapper-align-left mgt-button-wrapper-display-newline mgt-button-top-margin-disable\"><a class=\"btn hvr-sweep-to-bottom mgt-button mgt-style-solid mgt-size-small mgt-align-left mgt-display-newline mgt-text-size-small mgt-button-icon-position-left mgt-text-transform-uppercase  wpb_animate_when_almost_visible wpb_left-to-right\" href=\"http:\/\/66.228.131.60\/index.php\/productos\/protec\/\"><i class=\"fa fa-angle-right\"><\/i>Leer mas<\/a><\/div>[\/vc_column][vc_column width=&#8221;2\/3&#8243;]<div class=\"mgt-header-block clearfix text-center text-black wpb_content_element  mgt-header-block-style-1 mgt-header-texttransform-header \"><h2 class=\"mgt-header-block-title\">Maquinar\u00eda<\/h2><div class=\"mgt-header-line\"><\/div><\/div>[vc_row_inner][vc_column_inner width=&#8221;1\/2&#8243;]<style scoped='scoped'>.mgt-promo-block-marca-smartmachine.mgt-promo-block.animated:hover .mgt-promo-block-content {background-color: rgba(0,0,0,0.5)!important;}<\/style><div class=\"mgt-promo-block animated white-text cover-image text-size-normal no-darken mgt-promo-block-marca-smartmachine wpb_content_element wpb_animate_when_almost_visible wpb_left-to-right\" data-style=\"background-image: url(https:\/\/solmoviles.com.mx\/wp-content\/uploads\/2021\/11\/mining-ga0c2b6a8f_1280.jpg);background-repeat: no-repeat;width: 100%; height: 250px;\"><div class=\"mgt-promo-block-content va-bottom\"><div class=\"mgt-promo-block-content-inside\"><\/div><\/div><\/div>[vc_column_text css=&#8221;.vc_custom_1634932231369{padding-top: 25px !important;}&#8221;]<\/p>\n<h4>Smart Machine<\/h4>\n<p>Monitoree las horas de operaci\u00f3n as\u00ed como mantenimientos y signos vitales de su maquinar\u00eda; h\u00e1bitos de operaci\u00f3n; y alertas por geocercas y c\u00f3digos de fallas.[\/vc_column_text][\/vc_column_inner][vc_column_inner width=&#8221;1\/2&#8243;]<style scoped='scoped'>.mgt-promo-block-marca_forklift.mgt-promo-block.animated:hover .mgt-promo-block-content {background-color: rgba(0,0,0,0.5)!important;}<\/style><div class=\"mgt-promo-block animated white-text cover-image text-size-normal no-darken mgt-promo-block-marca_forklift wpb_content_element wpb_animate_when_almost_visible wpb_left-to-right\" data-style=\"background-image: url(https:\/\/solmoviles.com.mx\/wp-content\/uploads\/2021\/12\/front-loader-g6c0b193ab_1920.jpg);background-repeat: no-repeat;width: 100%; height: 250px;\"><div class=\"mgt-promo-block-content va-bottom mgt-hide-button\"><div class=\"mgt-promo-block-content-inside\"><div class=\"mgt-button-wrapper mgt-button-wrapper-align-right mgt-button-wrapper-display-newline mgt-button-top-margin-disable\"><a class=\"btn hvr-sweep-to-bottom mgt-button mgt-style-bordered mgt-size-normal mgt-align-right mgt-display-newline mgt-text-size-small mgt-button-icon-position-right mgt-text-transform-uppercase \" href=\"http:\/\/66.228.131.60\/index.php\/productos\/fork-lift-monitor\/\">Leer mas<\/a><\/div><\/div><\/div><\/div>[vc_column_text css=&#8221;.vc_custom_1633715821061{padding-top: 25px !important;}&#8221;]<\/p>\n<h4>Fork Lift Monitor<\/h4>\n<p>Incremente la productividad de su operaci\u00f3n con el manejo de tiempos muertos y localizaci\u00f3n del equipo e historial de mal manejo&#8230;[\/vc_column_text]<div class=\"mgt-button-wrapper mgt-button-wrapper-align-left mgt-button-wrapper-display-newline mgt-button-top-margin-disable\"><a class=\"btn hvr-sweep-to-bottom mgt-button mgt-style-solid mgt-size-small mgt-align-left mgt-display-newline mgt-text-size-small mgt-button-icon-position-left mgt-text-transform-uppercase  wpb_animate_when_almost_visible wpb_left-to-right\" href=\"http:\/\/66.228.131.60\/index.php\/productos\/fork-lift-monitor\/\"><i class=\"fa fa-angle-right\"><\/i>Leer mas<\/a><\/div>[\/vc_column_inner][\/vc_row_inner][\/vc_column][\/vc_row][vc_row][vc_column]<div class=\"mgt-header-block clearfix text-center text-black wpb_content_element  mgt-header-block-style-1 mgt-header-texttransform-header \"><h2 class=\"mgt-header-block-title\">Control de Combustible<\/h2><div class=\"mgt-header-line\"><\/div><\/div>[vc_row_inner][vc_column_inner width=&#8221;1\/2&#8243;]<style scoped='scoped'>.mgt-promo-block-marca_alertFuel.mgt-promo-block.animated:hover .mgt-promo-block-content {background-color: rgba(0,0,0,0.5)!important;}<\/style><div class=\"mgt-promo-block animated white-text cover-image text-size-normal no-darken mgt-promo-block-marca_alertFuel wpb_content_element wpb_animate_when_almost_visible wpb_left-to-right\" data-style=\"background-image: url(https:\/\/solmoviles.com.mx\/wp-content\/uploads\/2023\/05\/WhatsApp-Image-2023-05-06-at-12.53.21.jpeg);background-repeat: no-repeat;width: 100%; height: 250px;\"><div class=\"mgt-promo-block-content va-bottom\"><div class=\"mgt-promo-block-content-inside\"><\/div><\/div><\/div>[vc_column_text css=&#8221;.vc_custom_1683392696049{padding-top: 25px !important;}&#8221;]<\/p>\n<h4><span style=\"vertical-align: inherit;\"><span style=\"vertical-align: inherit;\">Alerta Combustible Plus<\/span><\/span><\/h4>\n<p>Nuestra soluci\u00f3n ofrece una serie de beneficios, siendo el m\u00e1s importante el control en tiempo real del rendimiento del di\u00e9sel en sus unidades. Esto significa que podr\u00e1 detectar cualquier ineficiencia o irregularidad en el uso de combustible de manera inmediata y tomar medidas inmediatas para corregirlas. Adem\u00e1s, nuestro sistema le permitir\u00e1 tener informaci\u00f3n precisa sobre las cantidades y lugares de recarga y orde\u00f1a, lo que ayuda a prevenir el robo y la p\u00e9rdida de combustible.<\/p>\n<p>Al proteger sus unidades con nuestro sistema, podr\u00e1 estar seguro de que su flota est\u00e1 siendo utilizada de manera eficiente y productiva. Adem\u00e1s, al optimizar el rendimiento de su flota y reducir los costos asociados con el combustible, podr\u00e1 maximizar la rentabilidad de su negocio.[\/vc_column_text][\/vc_column_inner][vc_column_inner width=&#8221;1\/2&#8243;]<style scoped='scoped'>.mgt-promo-block-marca_smarttank.mgt-promo-block.animated:hover .mgt-promo-block-content {background-color: rgba(0,0,0,0.5)!important;}<\/style><div class=\"mgt-promo-block animated white-text cover-image text-size-normal no-darken mgt-promo-block-marca_smarttank wpb_content_element wpb_animate_when_almost_visible wpb_left-to-right\" data-style=\"background-image: url(https:\/\/solmoviles.com.mx\/wp-content\/uploads\/2021\/11\/truck-g6205825b0_1920.jpg);background-repeat: no-repeat;width: 100%; height: 250px;\"><div class=\"mgt-promo-block-content va-bottom\"><div class=\"mgt-promo-block-content-inside\"><\/div><\/div><\/div>[vc_column_text css=&#8221;.vc_custom_1634932292779{padding-top: 25px !important;}&#8221;]<\/p>\n<h4>Smart tank<\/h4>\n<p>Monitoree pipas o auto-tanques por medio de sensores en puertas y enganches; En caso de que su equipo sea desenganchado queda clausurado. Contando con estad\u00edsticas por unidad, reduciendo accidentes de trabajo o p\u00e9rdidas de mercanc\u00eda.[\/vc_column_text][\/vc_column_inner][\/vc_row_inner][\/vc_column][\/vc_row][vc_row][vc_column]<div class=\"mgt-header-block clearfix text-center text-black wpb_content_element  mgt-header-block-style-1 mgt-header-texttransform-header \"><h2 class=\"mgt-header-block-title\">Transporte<\/h2><div class=\"mgt-header-line\"><\/div><\/div>[vc_row_inner][vc_column_inner width=&#8221;1\/3&#8243;]<style scoped='scoped'>.mgt-promo-block-marca_smarttrunck.mgt-promo-block.animated:hover .mgt-promo-block-content {background-color: rgba(0,0,0,0.5)!important;}<\/style><div class=\"mgt-promo-block animated white-text cover-image text-size-normal no-darken mgt-promo-block-marca_smarttrunck wpb_content_element wpb_animate_when_almost_visible wpb_left-to-right\" data-style=\"background-image: url(https:\/\/solmoviles.com.mx\/wp-content\/uploads\/2021\/11\/transport-ge413c636d_1920.jpg);background-repeat: no-repeat;width: 100%; height: 250px;\"><div class=\"mgt-promo-block-content va-bottom mgt-hide-button\"><div class=\"mgt-promo-block-content-inside\"><div class=\"mgt-button-wrapper mgt-button-wrapper-align-right mgt-button-wrapper-display-newline mgt-button-top-margin-disable\"><a class=\"btn hvr-sweep-to-bottom mgt-button mgt-style-bordered mgt-size-normal mgt-align-right mgt-display-newline mgt-text-size-small mgt-button-icon-position-right mgt-text-transform-uppercase \" href=\"http:\/\/66.228.131.60\/index.php\/productos\/smart-truck\/\">Leer mas<\/a><\/div><\/div><\/div><\/div>[vc_column_text css=&#8221;.vc_custom_1633716095985{padding-top: 25px !important;}&#8221;]<\/p>\n<h4>Smart Truck<\/h4>\n<p>Ofrezca a sus clientes la posibilidad de ver donde va su carga y la ruta que esta lleva&#8230;.[\/vc_column_text]<div class=\"mgt-button-wrapper mgt-button-wrapper-align-left mgt-button-wrapper-display-newline mgt-button-top-margin-disable\"><a class=\"btn hvr-sweep-to-bottom mgt-button mgt-style-solid mgt-size-small mgt-align-left mgt-display-newline mgt-text-size-small mgt-button-icon-position-left mgt-text-transform-uppercase  wpb_animate_when_almost_visible wpb_left-to-right\" href=\"http:\/\/66.228.131.60\/index.php\/productos\/smart-truck\/\"><i class=\"fa fa-angle-right\"><\/i>Leer mas<\/a><\/div>[\/vc_column_inner][vc_column_inner width=&#8221;1\/3&#8243;]<style scoped='scoped'>.mgt-promo-block-marca_guardian.mgt-promo-block.animated:hover .mgt-promo-block-content {background-color: rgba(0,0,0,0.5)!important;}<\/style><div class=\"mgt-promo-block animated white-text cover-image text-size-normal no-darken mgt-promo-block-marca_guardian wpb_content_element wpb_animate_when_almost_visible wpb_left-to-right\" data-style=\"background-image: url(https:\/\/solmoviles.com.mx\/wp-content\/uploads\/2021\/10\/foto-Guardian.jpg);background-repeat: no-repeat;width: 100%; height: 250px;\"><div class=\"mgt-promo-block-content va-bottom mgt-hide-button\"><div class=\"mgt-promo-block-content-inside\"><div class=\"mgt-button-wrapper mgt-button-wrapper-align-right mgt-button-wrapper-display-newline mgt-button-top-margin-disable\"><a class=\"btn hvr-sweep-to-bottom mgt-button mgt-style-bordered mgt-size-normal mgt-align-right mgt-display-newline mgt-text-size-small mgt-button-icon-position-right mgt-text-transform-uppercase \" href=\"http:\/\/66.228.131.60\/index.php\/productos\/guardian\/\">Leer mas<\/a><\/div><\/div><\/div><\/div>[vc_column_text css=&#8221;.vc_custom_1633716150755{padding-top: 25px !important;}&#8221;]<\/p>\n<h4>Guardi\u00e1n<\/h4>\n<p>Monitoree la caja de sus camiones ya sea un producto seco o refrigerado; no requiere de estar enganchada y cuenta con alertas de arrastre y por geocercas&#8230;[\/vc_column_text]<div class=\"mgt-button-wrapper mgt-button-wrapper-align-left mgt-button-wrapper-display-newline mgt-button-top-margin-disable\"><a class=\"btn hvr-sweep-to-bottom mgt-button mgt-style-solid mgt-size-small mgt-align-left mgt-display-newline mgt-text-size-small mgt-button-icon-position-left mgt-text-transform-uppercase  wpb_animate_when_almost_visible wpb_left-to-right\" href=\"http:\/\/66.228.131.60\/index.php\/productos\/guardian\/\"><i class=\"fa fa-angle-right\"><\/i>Leer mas<\/a><\/div>[\/vc_column_inner][vc_column_inner width=&#8221;1\/3&#8243;]<style scoped='scoped'>.mgt-promo-block-marca_coldMonitor.mgt-promo-block.animated:hover .mgt-promo-block-content {background-color: rgba(0,0,0,0.5)!important;}<\/style><div class=\"mgt-promo-block animated white-text cover-image text-size-normal no-darken mgt-promo-block-marca_coldMonitor wpb_content_element wpb_animate_when_almost_visible wpb_left-to-right\" data-style=\"background-image: url(https:\/\/solmoviles.com.mx\/wp-content\/uploads\/2021\/11\/1561340196.jpg);background-repeat: no-repeat;width: 100%; height: 250px;\"><div class=\"mgt-promo-block-content va-bottom mgt-hide-button\"><div class=\"mgt-promo-block-content-inside\"><div class=\"mgt-button-wrapper mgt-button-wrapper-align-right mgt-button-wrapper-display-newline mgt-button-top-margin-disable\"><a class=\"btn hvr-sweep-to-bottom mgt-button mgt-style-bordered mgt-size-normal mgt-align-right mgt-display-newline mgt-text-size-small mgt-button-icon-position-right mgt-text-transform-uppercase \" href=\"http:\/\/66.228.131.60\/index.php\/productos\/cold-monitor\/\">Leer mas<\/a><\/div><\/div><\/div><\/div>[vc_column_text css=&#8221;.vc_custom_1633716318797{padding-top: 25px !important;}&#8221;]<\/p>\n<h4>Cold Monitor<\/h4>\n<p>Tenga la certeza de que su carga se encuentra en la temperatura \u00f3ptima todo el recorrido con nuestros 3 monitores de temperatura&#8230;[\/vc_column_text]<div class=\"mgt-button-wrapper mgt-button-wrapper-align-left mgt-button-wrapper-display-newline mgt-button-top-margin-disable\"><a class=\"btn hvr-sweep-to-bottom mgt-button mgt-style-solid mgt-size-small mgt-align-left mgt-display-newline mgt-text-size-small mgt-button-icon-position-left mgt-text-transform-uppercase  wpb_animate_when_almost_visible wpb_left-to-right\" href=\"http:\/\/66.228.131.60\/index.php\/productos\/cold-monitor\/\"><i class=\"fa fa-angle-right\"><\/i>Leer mas<\/a><\/div>[\/vc_column_inner][\/vc_row_inner][\/vc_column][\/vc_row][\/vc_section][vc_section full_width=&#8221;stretch_row&#8221; css=&#8221;.vc_custom_1633717790746{padding-top: 80px !important;}&#8221;][vc_row full_width=&#8221;stretch_row_content_no_spaces&#8221;][vc_column]<style scoped='scoped'>.mgt-promo-block-75844.mgt-promo-block.darken .mgt-promo-block-content {background-color: #1c2126!important;}.mgt-promo-block-75844.mgt-promo-block.animated:hover .mgt-promo-block-content {background-color: rgba(0,0,0,0.5)!important;}<\/style><div class=\"mgt-promo-block animated white-text cover-image text-size-normal darken mgt-promo-block-75844 wpb_content_element wpb_animate_when_almost_visible wpb_top-to-bottom\" data-style=\"background-image: url(https:\/\/solmoviles.com.mx\/wp-content\/uploads\/2021\/10\/slideruno.jpg);background-repeat: no-repeat;width: 100%; height: 350px;\"><div class=\"mgt-promo-block-content\"><div class=\"mgt-promo-block-content-inside\">\n<h1 style=\"text-align: center\"><span style=\"vertical-align: inherit\"><span style=\"vertical-align: inherit\">Soluciones Moviles Y Comunicaciones SA de CV<\/span><\/span><\/h1>\n<h4 style=\"text-align: center\"><span style=\"color: #b8b8b8\"><span style=\"vertical-align: inherit\"><span style=\"vertical-align: inherit\">&#8220;Si es m\u00f3vil&#8230; tiene soluci\u00f3n&#8221;<\/span><\/span><\/span><\/h4>\n<span style=\"vertical-align: inherit\"><span style=\"vertical-align: inherit\"><div class=\"mgt-button-wrapper mgt-button-wrapper-align-center mgt-button-wrapper-display-newline mgt-button-top-margin-enable\"><a class=\"btn hvr-sweep-to-right mgt-button mgt-style-solid mgt-size-normal mgt-align-center mgt-display-newline mgt-text-size-normal mgt-button-icon-position-left mgt-text-transform-uppercase \" href=\"http:\/\/66.228.131.60\/index.php\/cotizacion\/\">Generar Cotizaci\u00f3n<\/a><\/div><\/div><\/div><\/div>[\/vc_column][\/vc_row][\/vc_section][vc_row][vc_column][vc_column_text]<\/span><\/span>[\/vc_column_text][\/vc_column][\/vc_row]<\/p>\n","protected":false},"excerpt":{"rendered":"<p>[vc_section el_id=&#8221;productos&#8221;][vc_row][vc_column][\/vc_column][\/vc_row][vc_row][vc_column width=&#8221;1\/3&#8243;][vc_column_text css=&#8221;.vc_custom_1633715542722{padding-top: 25px !important;}&#8221;] Protec Es nuestro producto m\u00e1s b\u00e1sico, el cual ofrece la ubicaci\u00f3n de sus veh\u00edculos con alertas de exceso de velocidad o incidentes&#8230;.[\/vc_column_text][\/vc_column][vc_column width=&#8221;2\/3&#8243;][vc_row_inner][vc_column_inner width=&#8221;1\/2&#8243;][vc_column_text&#8230;<\/p>\n","protected":false},"author":1,"featured_media":0,"parent":0,"menu_order":0,"comment_status":"closed","ping_status":"closed","template":"","meta":[],"_links":{"self":[{"href":"https:\/\/solmoviles.com.mx\/index.php\/wp-json\/wp\/v2\/pages\/3263"}],"collection":[{"href":"https:\/\/solmoviles.com.mx\/index.php\/wp-json\/wp\/v2\/pages"}],"about":[{"href":"https:\/\/solmoviles.com.mx\/index.php\/wp-json\/wp\/v2\/types\/page"}],"author":[{"embeddable":true,"href":"https:\/\/solmoviles.com.mx\/index.php\/wp-json\/wp\/v2\/users\/1"}],"replies":[{"embeddable":true,"href":"https:\/\/solmoviles.com.mx\/index.php\/wp-json\/wp\/v2\/comments?post=3263"}],"version-history":[{"count":31,"href":"https:\/\/solmoviles.com.mx\/index.php\/wp-json\/wp\/v2\/pages\/3263\/revisions"}],"predecessor-version":[{"id":3808,"href":"https:\/\/solmoviles.com.mx\/index.php\/wp-json\/wp\/v2\/pages\/3263\/revisions\/3808"}],"wp:attachment":[{"href":"https:\/\/solmoviles.com.mx\/index.php\/wp-json\/wp\/v2\/media?parent=3263"}],"curies":[{"name":"wp","href":"https:\/\/api.w.org\/{rel}","templated":true}]}}