{"id":1974,"date":"2016-05-26T08:57:49","date_gmt":"2016-05-26T08:57:49","guid":{"rendered":"http:\/\/wp.magnium-themes.com\/thebuilt\/thebuilt-2\/?page_id=1974"},"modified":"2021-12-08T19:28:24","modified_gmt":"2021-12-08T19:28:24","slug":"nosotros","status":"publish","type":"page","link":"https:\/\/solmoviles.com.mx\/index.php\/nosotros\/","title":{"rendered":"Nosotros"},"content":{"rendered":"<p>[vc_section][vc_row full_width=&#8221;stretch_row_content_no_spaces&#8221;][vc_column]<div class=\"mgt-promo-block white-text cover-image text-size-normal no-darken mgt-promo-block-52337917648 wpb_content_element\" data-style=\"background-image: url(https:\/\/solmoviles.com.mx\/wp-content\/uploads\/2021\/10\/job-gfaa3f1ffc_1920.jpg);background-repeat: no-repeat;width: 100%; height: 450px;\"><div class=\"mgt-promo-block-content\"><div class=\"mgt-promo-block-content-inside\"><\/div><\/div><\/div>[\/vc_column][\/vc_row][vc_row css=&#8221;.vc_custom_1464254303542{margin-top: -100px !important;padding-bottom: 50px !important;}&#8221;][vc_column width=&#8221;2\/3&#8243;][vc_single_image image=&#8221;3695&#8243; img_size=&#8221;large&#8221;][vc_column_text css_animation=&#8221;left-to-right&#8221;]<\/p>\n<h4 style=\"text-align: left;\">Nuestra historia<\/h4>\n<p style=\"text-align: left;\">Soluciones M\u00f3viles y Comunicaciones S.A. de C.V. es una empresa orgullosamente chihuahuense fundada en el a\u00f1o 2008, naciendo con el objetivo de resolver necesidades espec\u00edficas de adquisici\u00f3n de informaci\u00f3n a distancia para efecto de mejorar y automatizar los procesos productivos de nuestros clientes.<br \/>\nNuestra empresa desde sus inicios se ha distinguido de otras empresas del mismo ramo, ofreciendo un valor agregado en cada una de sus distintas soluciones, aportando innovaci\u00f3n tecnolog\u00eda para desarrollar nuevos productos, para un mercado igualmente demandante en soluciones tecnol\u00f3gicas de vanguardia.<\/p>\n<p>[\/vc_column_text][\/vc_column][vc_column width=&#8221;1\/3&#8243;]<style scoped='scoped'>.mgt-promo-block-47315338664.mgt-promo-block.darken .mgt-promo-block-content {background-color: rgba(10,10,10,0.38)!important;}.mgt-promo-block-47315338664.mgt-promo-block.animated:hover .mgt-promo-block-content {background-color: rgba(0,0,0,0.5)!important;}<\/style><div class=\"mgt-promo-block animated white-text cover-image text-size-normal darken mgt-promo-block-47315338664 wpb_content_element wpb_animate_when_almost_visible wpb_right-to-left\" data-style=\"background-image: url(https:\/\/solmoviles.com.mx\/wp-content\/uploads\/2021\/10\/foto-Smart-truck.jpg);background-repeat: no-repeat;width: 100%; height: 240px;\"><div class=\"mgt-promo-block-content va-bottom\"><div class=\"mgt-promo-block-content-inside vc_custom_1633793440858\">\n<h3>Productos<\/h3>\n<div class=\"mgt-button-wrapper mgt-button-wrapper-align-left mgt-button-wrapper-display-newline mgt-button-top-margin-disable\"><a class=\"btn hvr-icon-wobble-horizontal mgt-button mgt-style-textwhite mgt-size-normal mgt-align-left mgt-display-newline mgt-text-size-small mgt-button-icon-position-right mgt-text-transform-uppercase \" href=\"http:\/\/66.228.131.60\/index.php\/productos\">Leer mas<i class=\"fa fa-arrow-right\"><\/i><\/a><\/div><\/div><\/div><\/div>[vc_empty_space height=&#8221;20px&#8221;]<style scoped='scoped'>.mgt-promo-block-47315338664.mgt-promo-block.darken .mgt-promo-block-content {background-color: rgba(10,10,10,0.38)!important;}.mgt-promo-block-47315338664.mgt-promo-block.animated:hover .mgt-promo-block-content {background-color: rgba(0,0,0,0.5)!important;}<\/style><div class=\"mgt-promo-block animated white-text cover-image text-size-normal darken mgt-promo-block-47315338664 wpb_content_element wpb_animate_when_almost_visible wpb_right-to-left\" data-style=\"background-image: url(https:\/\/solmoviles.com.mx\/wp-content\/uploads\/2021\/10\/code-g4d6eb798b_1920.jpg);background-repeat: no-repeat;width: 100%; height: 240px;\"><div class=\"mgt-promo-block-content va-bottom\"><div class=\"mgt-promo-block-content-inside vc_custom_1633793494668\">\n<h3>Proyectos<\/h3>\n<div class=\"mgt-button-wrapper mgt-button-wrapper-align-left mgt-button-wrapper-display-newline mgt-button-top-margin-disable\"><a class=\"btn hvr-icon-wobble-horizontal mgt-button mgt-style-textwhite mgt-size-normal mgt-align-left mgt-display-newline mgt-text-size-small mgt-button-icon-position-right mgt-text-transform-uppercase \" href=\"http:\/\/66.228.131.60\/index.php\/proyectos\/\">Leer mas<i class=\"fa fa-arrow-right\"><\/i><\/a><\/div><\/div><\/div><\/div>[\/vc_column][\/vc_row][\/vc_section][vc_section][vc_row full_width=&#8221;stretch_row&#8221; equal_height=&#8221;yes&#8221; content_placement=&#8221;middle&#8221; css=&#8221;.vc_custom_1464361814707{margin-top: 30px !important;margin-right: 0px !important;margin-left: 0px !important;padding-top: 70px !important;padding-bottom: 70px !important;background: #2a2f35 url(http:\/\/66.228.131.60\/wp-content\/uploads\/2016\/04\/import_placeholder.png?id=1506) !important;background-position: 0 0 !important;background-repeat: repeat !important;}&#8221;][vc_column width=&#8221;1\/2&#8243; css=&#8221;.vc_custom_1463997402631{margin-right: 0px !important;padding-right: 0px !important;}&#8221;]<div class=\"mgt-header-block clearfix text-left text-white wpb_content_element  mgt-header-block-style-1 mgt-header-texttransform-both  vc_custom_1633793560086\"><h2 class=\"mgt-header-block-title\">Filosof\u00eda<\/h2><div class=\"mgt-header-line\"><\/div><\/div><div class=\"mgt-icon-box wpb_content_element mgt-icon-box-right mgt-icon-fa text-white \"><div class=\"mgt-icon-box-icon hvr-icon-push\"><div class=\"mgt-font-icon\"><i class=\"fa fa-book-reader\"><\/i><\/div><\/div><div class=\"mgt-icon-box-content\"><h5>MISI\u00d3N<\/h5>Somos un aliado importante de nuestros clientes, gener\u00e1ndoles ahorro y riqueza en sus organizaciones, a trav\u00e9s del desarrollo de soluciones tecnol\u00f3gicas que ofrecen informaci\u00f3n clara, veraz y oportuna.<\/div><div class=\"clearfix\"><\/div><\/div><div class=\"mgt-icon-box wpb_content_element mgt-icon-box-right mgt-icon-fa text-white \"><div class=\"mgt-icon-box-icon hvr-icon-push\"><div class=\"mgt-font-icon\"><i class=\"fa fa-calendar-check\"><\/i><\/div><\/div><div class=\"mgt-icon-box-content\"><h5>VISI\u00d3N<\/h5>Ser un organizaci\u00f3n integral, solida y l\u00edder nacional en innovaci\u00f3n y en el uso de tecnol\u00f3gicas para el desarrollo de soluciones, que generen beneficio econ\u00f3mico a nuestros clientes; apoyados siempre en un equipo humano competente, comprometido y auto-motivado.<\/div><div class=\"clearfix\"><\/div><\/div><div class=\"mgt-icon-box wpb_content_element mgt-icon-box-right mgt-icon-fa text-white \"><div class=\"mgt-icon-box-icon hvr-icon-push\"><div class=\"mgt-font-icon\"><i class=\"fa fa-briefcase\"><\/i><\/div><\/div><div class=\"mgt-icon-box-content\"><h5>POL\u00cdTICA DE CALIDAD<\/h5>Somos una empresa dedicada al monitoreo de activos m\u00f3viles y buscamos la satisfacci\u00f3n de nuestros clientes, ofreci\u00e9ndoles servicios y productos eficaces e innovadores de alta calidad que ayudan a dar soluci\u00f3n a sus necesidades; mediante la implementaci\u00f3n de un sistema de gesti\u00f3n de calidad ISO 9001:2015 y mejora continua.<\/div><div class=\"clearfix\"><\/div><\/div>[\/vc_column][vc_column width=&#8221;1\/2&#8243; css=&#8221;.vc_custom_1633793929691{margin-left: 70px !important;}&#8221;]<style scoped='scoped'>.mgt-promo-block-25682.mgt-promo-block.darken .mgt-promo-block-content {background-color: rgba(0,0,0,0.3)!important;}.mgt-promo-block-25682.mgt-promo-block.animated:hover .mgt-promo-block-content {background-color: rgba(0,0,0,0.5)!important;}<\/style><div class=\"mgt-promo-block animated white-text cover-image text-size-normal darken mgt-promo-block-25682 wpb_content_element\" data-style=\"background-image: url(https:\/\/solmoviles.com.mx\/wp-content\/uploads\/2021\/10\/foto-Guardian.jpg);background-repeat: no-repeat;width: 80%; height: 400px;\"><div class=\"mgt-promo-block-content\"><div class=\"mgt-promo-block-content-inside\"><\/div><\/div><\/div>[\/vc_column][\/vc_row][\/vc_section][vc_section][vc_row][vc_column]<div class=\"mgt-header-block clearfix text-center text-black wpb_content_element  mgt-header-block-style-1 mgt-header-texttransform-header \"><h2 class=\"mgt-header-block-title\">Valores<\/h2><div class=\"mgt-header-line\"><\/div><\/div>[vc_row_inner][vc_column_inner width=&#8221;1\/3&#8243;]<div class=\"mgt-icon-box wpb_content_element mgt-icon-box-right mgt-icon-fa text-black \"><div class=\"mgt-icon-box-icon\"><div class=\"mgt-font-icon\"><i class=\"fa fa-check\"><\/i><\/div><\/div><div class=\"mgt-icon-box-content\"><h5>Calidad<\/h5>Cumplimos objetivos y est\u00e1ndares para ofrecer excelencia en el servicio.<\/div><div class=\"clearfix\"><\/div><\/div>[\/vc_column_inner][vc_column_inner width=&#8221;1\/3&#8243;]<div class=\"mgt-icon-box wpb_content_element mgt-icon-box-right mgt-icon-fa text-black \"><div class=\"mgt-icon-box-icon\"><div class=\"mgt-font-icon\"><i class=\"fa fa-user-tie\"><\/i><\/div><\/div><div class=\"mgt-icon-box-content\"><h5>Respeto<\/h5>Aceptamos, valoramos y toleramos la individualidad de cada persona.<\/div><div class=\"clearfix\"><\/div><\/div>[\/vc_column_inner][vc_column_inner width=&#8221;1\/3&#8243;]<div class=\"mgt-icon-box wpb_content_element mgt-icon-box-right mgt-icon-fa text-black \"><div class=\"mgt-icon-box-icon\"><div class=\"mgt-font-icon\"><i class=\"fa fa-people-carry\"><\/i><\/div><\/div><div class=\"mgt-icon-box-content\"><h5>Confianza<\/h5>Generamos ambientes de sinceridad y seguridad con nuestros colaboradores y clientes.<\/div><div class=\"clearfix\"><\/div><\/div>[\/vc_column_inner][\/vc_row_inner][vc_row_inner][vc_column_inner width=&#8221;1\/3&#8243;]<div class=\"mgt-icon-box wpb_content_element mgt-icon-box-right mgt-icon-fa text-black \"><div class=\"mgt-icon-box-icon\"><div class=\"mgt-font-icon\"><i class=\"fa fa-chart-line\"><\/i><\/div><\/div><div class=\"mgt-icon-box-content\"><h5>Compromiso<\/h5>Cumplimos nuestras tareas con disciplina y perseverancia.<\/div><div class=\"clearfix\"><\/div><\/div>[\/vc_column_inner][vc_column_inner width=&#8221;1\/3&#8243;]<div class=\"mgt-icon-box wpb_content_element mgt-icon-box-right mgt-icon-fa text-black \"><div class=\"mgt-icon-box-icon\"><div class=\"mgt-font-icon\"><i class=\"fa fa-binoculars\"><\/i><\/div><\/div><div class=\"mgt-icon-box-content\"><h5>Innovaci\u00f3n<\/h5>Somos impulsores de la creatividad para convertirla en una ventaja.<\/div><div class=\"clearfix\"><\/div><\/div>[\/vc_column_inner][vc_column_inner width=&#8221;1\/3&#8243;]<div class=\"mgt-icon-box wpb_content_element mgt-icon-box-right mgt-icon-fa text-black \"><div class=\"mgt-icon-box-icon\"><div class=\"mgt-font-icon\"><i class=\"fa fa-chalkboard-teacher\"><\/i><\/div><\/div><div class=\"mgt-icon-box-content\"><h5>Servicio al cliente<\/h5>Creamos v\u00ednculos para cumplir expectativas y necesidades de nuestros clientes y colaboradores.<\/div><div class=\"clearfix\"><\/div><\/div>[\/vc_column_inner][\/vc_row_inner][\/vc_column][\/vc_row][\/vc_section]<\/p>\n","protected":false},"excerpt":{"rendered":"<p>[vc_section][vc_row full_width=&#8221;stretch_row_content_no_spaces&#8221;][vc_column][\/vc_column][\/vc_row][vc_row css=&#8221;.vc_custom_1464254303542{margin-top: -100px !important;padding-bottom: 50px !important;}&#8221;][vc_column width=&#8221;2\/3&#8243;][vc_single_image image=&#8221;3695&#8243; img_size=&#8221;large&#8221;][vc_column_text css_animation=&#8221;left-to-right&#8221;] Nuestra historia Soluciones M\u00f3viles y Comunicaciones S.A. de C.V. es una empresa orgullosamente chihuahuense fundada en el a\u00f1o 2008,&#8230;<\/p>\n","protected":false},"author":1,"featured_media":0,"parent":0,"menu_order":0,"comment_status":"closed","ping_status":"closed","template":"","meta":[],"_links":{"self":[{"href":"https:\/\/solmoviles.com.mx\/index.php\/wp-json\/wp\/v2\/pages\/1974"}],"collection":[{"href":"https:\/\/solmoviles.com.mx\/index.php\/wp-json\/wp\/v2\/pages"}],"about":[{"href":"https:\/\/solmoviles.com.mx\/index.php\/wp-json\/wp\/v2\/types\/page"}],"author":[{"embeddable":true,"href":"https:\/\/solmoviles.com.mx\/index.php\/wp-json\/wp\/v2\/users\/1"}],"replies":[{"embeddable":true,"href":"https:\/\/solmoviles.com.mx\/index.php\/wp-json\/wp\/v2\/comments?post=1974"}],"version-history":[{"count":44,"href":"https:\/\/solmoviles.com.mx\/index.php\/wp-json\/wp\/v2\/pages\/1974\/revisions"}],"predecessor-version":[{"id":3758,"href":"https:\/\/solmoviles.com.mx\/index.php\/wp-json\/wp\/v2\/pages\/1974\/revisions\/3758"}],"wp:attachment":[{"href":"https:\/\/solmoviles.com.mx\/index.php\/wp-json\/wp\/v2\/media?parent=1974"}],"curies":[{"name":"wp","href":"https:\/\/api.w.org\/{rel}","templated":true}]}}