{"id":11,"date":"2016-03-28T09:28:14","date_gmt":"2016-03-28T09:28:14","guid":{"rendered":"http:\/\/wp.magnium-themes.com\/thebuilt\/thebuilt-2\/?page_id=11"},"modified":"2022-12-06T23:43:27","modified_gmt":"2022-12-06T23:43:27","slug":"homepage","status":"publish","type":"page","link":"https:\/\/solmoviles.com.mx\/","title":{"rendered":"Homepage"},"content":{"rendered":"<p>[vc_section full_width=&#8221;stretch_row&#8221; el_id=&#8221;slider&#8221;][vc_row][vc_column][rev_slider_vc alias=&#8221;soluciones-2&#8243;][\/vc_column][\/vc_row][\/vc_section][vc_section full_width=&#8221;stretch_row&#8221; el_id=&#8221;contador&#8221;][vc_row full_width=&#8221;stretch_row&#8221; css=&#8221;.vc_custom_1633643205619{padding-top: 50px !important;padding-bottom: 50px !important;background: #f7f7f7 url(http:\/\/66.228.131.60\/wp-content\/uploads\/2021\/10\/pixel-grid.png?id=3169) !important;background-position: 0 0 !important;background-repeat: repeat !important;}&#8221;][vc_column width=&#8221;1\/4&#8243;]<div class=\"mgt-counter-wrapper wpb_content_element text-black text-center\"><div class=\"mgt-counter-icon\"><i class=\"fa fa-award\"><\/i>\r\n<\/div><span class=\"mgt-counter-value\" data-from=\"0\" data-to=\"14\" data-speed=\"2000\" data-decimals=\"0\">14<\/span><h5 class=\"mgt-counter-title\">A\u00f1os de Experiencia<\/h5><\/div>[\/vc_column][vc_column width=&#8221;1\/4&#8243;]<div class=\"mgt-counter-wrapper wpb_content_element text-black text-center\"><div class=\"mgt-counter-icon\"><i class=\"fa fa-users\"><\/i>\r\n<\/div><span class=\"mgt-counter-value\" data-from=\"0\" data-to=\"+500\" data-speed=\"2000\" data-decimals=\"0\">+500<\/span><h5 class=\"mgt-counter-title\">Clientes Satisfechos<\/h5><\/div>[\/vc_column][vc_column width=&#8221;1\/4&#8243;]<div class=\"mgt-counter-wrapper wpb_content_element text-black text-center\"><div class=\"mgt-counter-icon\"><i class=\"fa fa-tools\"><\/i>\r\n<\/div><span class=\"mgt-counter-value\" data-from=\"0\" data-to=\"15000\" data-speed=\"2000\" data-decimals=\"0\">15000<\/span><h5 class=\"mgt-counter-title\">Dispositivos Instalados<\/h5><\/div>[\/vc_column][vc_column width=&#8221;1\/4&#8243;]<div class=\"mgt-counter-wrapper wpb_content_element text-black text-center\"><div class=\"mgt-counter-icon\"><i class=\"fa fa-laptop-code\"><\/i>\r\n<\/div><span class=\"mgt-counter-value\" data-from=\"0\" data-to=\"20\" data-speed=\"2000\" data-decimals=\"0\">20<\/span><h5 class=\"mgt-counter-title\">Proyectos de Software<\/h5><\/div>[\/vc_column][\/vc_row][\/vc_section][vc_section el_id=&#8221;productos&#8221; css=&#8221;.vc_custom_1633710777450{padding-top: 40px !important;padding-bottom: 40px !important;}&#8221;][vc_row][vc_column]<div class=\"mgt-header-block clearfix text-center text-black wpb_content_element  mgt-header-block-style-1 mgt-header-texttransform-both \"><h2 class=\"mgt-header-block-title\">Nuestros productos principales<\/h2><p class=\"mgt-header-block-subtitle\">``En Soluciones M\u00f3viles contamos con un portafolio de productos innovadores, competitivos y eficaces``<\/p><div class=\"mgt-header-line\"><\/div><\/div>[\/vc_column][\/vc_row][vc_row][vc_column]<div style=\"visibility: hidden;\" id=\"carousel-anything-1\" class=\"gambit-carousel-anything carousel-anything-container owl-ca-carousel  has-arrows ca-equal-height\" data-slide-anim=\"\" data-rtl=\"false\" data-items=\"3\"data-totalitems=\"8\" data-scroll_per_page=\"\" data-autoplay=\"5000\"data-items-tablet=\"1\" data-items-mobile=\"1\" data-stop-on-hover=\"\" data-speed-scroll=\"800\" data-speed-rewind=\"1000\"data-thumbnails=\"arrow\" data-navigation=\"true\" data-touchdrag=\"false\" data-keyboard=\"false\" data-alignment=\"50\"data-start=\"0\">[vc_row_inner][vc_column_inner]<style scoped='scoped'>.mgt-promo-block-marca-protec.mgt-promo-block.animated:hover .mgt-promo-block-content {background-color: rgba(0,0,0,0.5)!important;}<\/style><div class=\"mgt-promo-block animated white-text cover-image text-size-normal no-darken mgt-promo-block-marca-protec wpb_content_element wpb_animate_when_almost_visible wpb_left-to-right\" data-style=\"background-image: url(https:\/\/solmoviles.com.mx\/wp-content\/uploads\/2021\/11\/car-ga700c1e12_1920.jpg);background-repeat: no-repeat;width: 100%; height: 250px;\"><div class=\"mgt-promo-block-content va-bottom mgt-hide-button\"><div class=\"mgt-promo-block-content-inside\"><div class=\"mgt-button-wrapper mgt-button-wrapper-align-right mgt-button-wrapper-display-newline mgt-button-top-margin-disable\"><a class=\"btn hvr-sweep-to-bottom mgt-button mgt-style-bordered mgt-size-normal mgt-align-right mgt-display-newline mgt-text-size-small mgt-button-icon-position-right mgt-text-transform-uppercase \" href=\"http:\/\/66.228.131.60\/index.php\/productos\/protec\/\">Leer mas<\/a><\/div><\/div><\/div><\/div>[vc_column_text css_animation=&#8221;left-to-right&#8221; css=&#8221;.vc_custom_1633710941342{padding-top: 25px !important;}&#8221;]<\/p>\n<h4>Protec<\/h4>\n<p>Es nuestro producto m\u00e1s b\u00e1sico, el cual ofrece la ubicaci\u00f3n de sus veh\u00edculos con alertas de exceso de velocidad o incidentes&#8230;.[\/vc_column_text]<div class=\"mgt-button-wrapper mgt-button-wrapper-align-left mgt-button-wrapper-display-newline mgt-button-top-margin-disable\"><a class=\"btn hvr-sweep-to-bottom mgt-button mgt-style-solid mgt-size-small mgt-align-left mgt-display-newline mgt-text-size-small mgt-button-icon-position-right mgt-text-transform-uppercase  wpb_animate_when_almost_visible wpb_left-to-right\" href=\"http:\/\/solmoviles.com.mx\/index.php\/productos\/protec\/\">Leer mas<i class=\"fa fa-angle-right\"><\/i><\/a><\/div>[\/vc_column_inner][\/vc_row_inner][vc_row_inner][vc_column_inner]<style scoped='scoped'>.mgt-promo-block-marca-smartmachine.mgt-promo-block.animated:hover .mgt-promo-block-content {background-color: rgba(0,0,0,0.5)!important;}<\/style><div class=\"mgt-promo-block animated white-text cover-image text-size-normal no-darken mgt-promo-block-marca-smartmachine wpb_content_element wpb_animate_when_almost_visible wpb_left-to-right\" data-style=\"background-image: url(https:\/\/solmoviles.com.mx\/wp-content\/uploads\/2021\/11\/mining-ga0c2b6a8f_1280.jpg);background-repeat: no-repeat;width: 100%; height: 250px;\"><div class=\"mgt-promo-block-content va-bottom\"><div class=\"mgt-promo-block-content-inside\"><\/div><\/div><\/div>[vc_column_text css_animation=&#8221;left-to-right&#8221; css=&#8221;.vc_custom_1638977333526{padding-top: 25px !important;}&#8221;]<\/p>\n<h4>Smart Machine<\/h4>\n<p>Monitoreo de las horas de operaci\u00f3n as\u00ed como mantenimientos y signos vitales de su maquinar\u00eda; h\u00e1bitos de operaci\u00f3n; y alertas por geocercas y c\u00f3digos de fallas.[\/vc_column_text][\/vc_column_inner][\/vc_row_inner][vc_row_inner][vc_column_inner]<style scoped='scoped'>.mgt-promo-block-marca_forklift.mgt-promo-block.animated:hover .mgt-promo-block-content {background-color: rgba(0,0,0,0.5)!important;}<\/style><div class=\"mgt-promo-block animated white-text cover-image text-size-normal no-darken mgt-promo-block-marca_forklift wpb_content_element wpb_animate_when_almost_visible wpb_left-to-right\" data-style=\"background-image: url(https:\/\/solmoviles.com.mx\/wp-content\/uploads\/2021\/12\/front-loader-g6c0b193ab_1920.jpg);background-repeat: no-repeat;width: 100%; height: 250px;\"><div class=\"mgt-promo-block-content va-bottom mgt-hide-button\"><div class=\"mgt-promo-block-content-inside\"><div class=\"mgt-button-wrapper mgt-button-wrapper-align-right mgt-button-wrapper-display-newline mgt-button-top-margin-disable\"><a class=\"btn hvr-sweep-to-bottom mgt-button mgt-style-bordered mgt-size-normal mgt-align-right mgt-display-newline mgt-text-size-small mgt-button-icon-position-right mgt-text-transform-uppercase \" href=\"http:\/\/66.228.131.60\/index.php\/productos\/fork-lift-monitor\/\">Leer mas<\/a><\/div><\/div><\/div><\/div>[vc_column_text css_animation=&#8221;left-to-right&#8221; css=&#8221;.vc_custom_1638977340581{padding-top: 25px !important;}&#8221;]<\/p>\n<h4>Fork Lift Monitor<\/h4>\n<p>Incremente la productividad de su operaci\u00f3n con el manejo de tiempos muertos y localizaci\u00f3n del equipo e historial de mal manejo&#8230;[\/vc_column_text]<div class=\"mgt-button-wrapper mgt-button-wrapper-align-left mgt-button-wrapper-display-newline mgt-button-top-margin-disable\"><a class=\"btn hvr-sweep-to-bottom mgt-button mgt-style-solid mgt-size-small mgt-align-left mgt-display-newline mgt-text-size-small mgt-button-icon-position-right mgt-text-transform-uppercase  wpb_animate_when_almost_visible wpb_left-to-right\" href=\"http:\/\/66.228.131.60\/index.php\/productos\/fork-lift-monitor\/\">Leer mas<i class=\"fa fa-angle-right\"><\/i><\/a><\/div>[\/vc_column_inner][\/vc_row_inner][vc_row_inner][vc_column_inner]<style scoped='scoped'>.mgt-promo-block-marca_smarttrunck.mgt-promo-block.animated:hover .mgt-promo-block-content {background-color: rgba(0,0,0,0.5)!important;}<\/style><div class=\"mgt-promo-block animated white-text cover-image text-size-normal no-darken mgt-promo-block-marca_smarttrunck wpb_content_element wpb_animate_when_almost_visible wpb_left-to-right\" data-style=\"background-image: url(https:\/\/solmoviles.com.mx\/wp-content\/uploads\/2021\/11\/transport-ge413c636d_1920.jpg);background-repeat: no-repeat;width: 100%; height: 250px;\"><div class=\"mgt-promo-block-content va-bottom mgt-hide-button\"><div class=\"mgt-promo-block-content-inside\"><div class=\"mgt-button-wrapper mgt-button-wrapper-align-right mgt-button-wrapper-display-newline mgt-button-top-margin-disable\"><a class=\"btn hvr-sweep-to-bottom mgt-button mgt-style-bordered mgt-size-normal mgt-align-right mgt-display-newline mgt-text-size-small mgt-button-icon-position-right mgt-text-transform-uppercase \" href=\"http:\/\/66.228.131.60\/index.php\/productos\/smart-truck\/\">Leer mas<\/a><\/div><\/div><\/div><\/div>[vc_column_text css_animation=&#8221;left-to-right&#8221; css=&#8221;.vc_custom_1638977344885{padding-top: 25px !important;}&#8221;]<\/p>\n<h4>Smart Truck<\/h4>\n<p>Ofrezca a sus clientes la posibilidad de ver donde va su carga y la ruta que esta lleva&#8230;.[\/vc_column_text]<div class=\"mgt-button-wrapper mgt-button-wrapper-align-left mgt-button-wrapper-display-newline mgt-button-top-margin-disable\"><a class=\"btn hvr-sweep-to-bottom mgt-button mgt-style-solid mgt-size-small mgt-align-left mgt-display-newline mgt-text-size-small mgt-button-icon-position-right mgt-text-transform-uppercase  wpb_animate_when_almost_visible wpb_left-to-right\" href=\"http:\/\/66.228.131.60\/index.php\/productos\/smart-truck\/\">Leer mas<i class=\"fa fa-angle-right\"><\/i><\/a><\/div>[\/vc_column_inner][\/vc_row_inner][vc_row_inner][vc_column_inner]<style scoped='scoped'>.mgt-promo-block-marca_guardian.mgt-promo-block.animated:hover .mgt-promo-block-content {background-color: rgba(0,0,0,0.5)!important;}<\/style><div class=\"mgt-promo-block animated white-text cover-image text-size-normal no-darken mgt-promo-block-marca_guardian wpb_content_element wpb_animate_when_almost_visible wpb_left-to-right\" data-style=\"background-image: url(https:\/\/solmoviles.com.mx\/wp-content\/uploads\/2021\/10\/foto-Guardian.jpg);background-repeat: no-repeat;width: 100%; height: 250px;\"><div class=\"mgt-promo-block-content va-bottom mgt-hide-button\"><div class=\"mgt-promo-block-content-inside\"><div class=\"mgt-button-wrapper mgt-button-wrapper-align-right mgt-button-wrapper-display-newline mgt-button-top-margin-disable\"><a class=\"btn hvr-sweep-to-bottom mgt-button mgt-style-bordered mgt-size-normal mgt-align-right mgt-display-newline mgt-text-size-small mgt-button-icon-position-right mgt-text-transform-uppercase \" href=\"http:\/\/66.228.131.60\/index.php\/productos\/guardian\/\">Leer mas<\/a><\/div><\/div><\/div><\/div>[vc_column_text css_animation=&#8221;left-to-right&#8221; css=&#8221;.vc_custom_1638977351614{padding-top: 25px !important;}&#8221;]<\/p>\n<h4>Guardi\u00e1n<\/h4>\n<p>Monitorear la caja de sus camiones ya sea un producto seco o refrigerado; no requiere de estar enganchada y cuenta con alertas de arrastre y por geocercas&#8230;[\/vc_column_text]<div class=\"mgt-button-wrapper mgt-button-wrapper-align-left mgt-button-wrapper-display-newline mgt-button-top-margin-disable\"><a class=\"btn hvr-sweep-to-bottom mgt-button mgt-style-solid mgt-size-small mgt-align-left mgt-display-newline mgt-text-size-small mgt-button-icon-position-right mgt-text-transform-uppercase  wpb_animate_when_almost_visible wpb_left-to-right\" href=\"http:\/\/66.228.131.60\/index.php\/productos\/guardian\/\">Leer mas<i class=\"fa fa-angle-right\"><\/i><\/a><\/div>[\/vc_column_inner][\/vc_row_inner][vc_row_inner][vc_column_inner]<style scoped='scoped'>.mgt-promo-block-marca_coldMonitor.mgt-promo-block.animated:hover .mgt-promo-block-content {background-color: rgba(0,0,0,0.5)!important;}<\/style><div class=\"mgt-promo-block animated white-text cover-image text-size-normal no-darken mgt-promo-block-marca_coldMonitor wpb_content_element wpb_animate_when_almost_visible wpb_left-to-right\" data-style=\"background-image: url(https:\/\/solmoviles.com.mx\/wp-content\/uploads\/2021\/11\/1561340196.jpg);background-repeat: no-repeat;width: 100%; height: 250px;\"><div class=\"mgt-promo-block-content va-bottom mgt-hide-button\"><div class=\"mgt-promo-block-content-inside\"><div class=\"mgt-button-wrapper mgt-button-wrapper-align-right mgt-button-wrapper-display-newline mgt-button-top-margin-disable\"><a class=\"btn hvr-sweep-to-bottom mgt-button mgt-style-bordered mgt-size-normal mgt-align-right mgt-display-newline mgt-text-size-small mgt-button-icon-position-right mgt-text-transform-uppercase \" href=\"http:\/\/66.228.131.60\/index.php\/productos\/cold-monitor\/\">Leer mas<\/a><\/div><\/div><\/div><\/div>[vc_column_text css_animation=&#8221;left-to-right&#8221; css=&#8221;.vc_custom_1638977357077{padding-top: 25px !important;}&#8221;]<\/p>\n<h4>Cold Monitor<\/h4>\n<p>Tenga la certeza de que su carga se encuentra en la temperatura \u00f3ptima todo el recorrido con nuestros 3 monitores de temperatura&#8230;[\/vc_column_text]<div class=\"mgt-button-wrapper mgt-button-wrapper-align-left mgt-button-wrapper-display-newline mgt-button-top-margin-disable\"><a class=\"btn hvr-sweep-to-bottom mgt-button mgt-style-solid mgt-size-small mgt-align-left mgt-display-newline mgt-text-size-small mgt-button-icon-position-right mgt-text-transform-uppercase  wpb_animate_when_almost_visible wpb_left-to-right\" href=\"http:\/\/66.228.131.60\/index.php\/productos\/cold-monitor\/\">Leer mas<i class=\"fa fa-angle-right\"><\/i><\/a><\/div>[\/vc_column_inner][\/vc_row_inner][vc_row_inner][vc_column_inner]<style scoped='scoped'>.mgt-promo-block-marca_alertFuel.mgt-promo-block.animated:hover .mgt-promo-block-content {background-color: rgba(0,0,0,0.5)!important;}<\/style><div class=\"mgt-promo-block animated white-text cover-image text-size-normal no-darken mgt-promo-block-marca_alertFuel wpb_content_element wpb_animate_when_almost_visible wpb_left-to-right\" data-style=\"background-image: url(https:\/\/solmoviles.com.mx\/wp-content\/uploads\/2021\/10\/foto-Alert-fuel-plus.jpg);background-repeat: no-repeat;width: 100%; height: 250px;\"><div class=\"mgt-promo-block-content va-bottom\"><div class=\"mgt-promo-block-content-inside\"><\/div><\/div><\/div>[vc_column_text css_animation=&#8221;left-to-right&#8221; css=&#8221;.vc_custom_1638977361261{padding-top: 25px !important;}&#8221;]<\/p>\n<h4>Alert Fuel Plus<\/h4>\n<p>Proteja sus unidades con la detecci\u00f3n de combustible adulterado e ineficiencias por mala conducci\u00f3n, contando tambi\u00e9n con reportes de desempe\u00f1o.[\/vc_column_text][\/vc_column_inner][\/vc_row_inner][vc_row_inner][vc_column_inner]<style scoped='scoped'>.mgt-promo-block-marca_smarttank.mgt-promo-block.animated:hover .mgt-promo-block-content {background-color: rgba(0,0,0,0.5)!important;}<\/style><div class=\"mgt-promo-block animated white-text cover-image text-size-normal no-darken mgt-promo-block-marca_smarttank wpb_content_element wpb_animate_when_almost_visible wpb_left-to-right\" data-style=\"background-image: url(https:\/\/solmoviles.com.mx\/wp-content\/uploads\/2021\/11\/truck-g6205825b0_1920.jpg);background-repeat: no-repeat;width: 100%; height: 250px;\"><div class=\"mgt-promo-block-content va-bottom\"><div class=\"mgt-promo-block-content-inside\"><\/div><\/div><\/div>[vc_column_text css_animation=&#8221;left-to-right&#8221; css=&#8221;.vc_custom_1638977376220{padding-top: 25px !important;}&#8221;]<\/p>\n<h4>Smart tank<\/h4>\n<p>Monitoreo de pipas o auto-tanques por medio de sensores en puertas y enganches; En caso de que su equipo sea desenganchado queda clausurado. Contando con estad\u00edsticas por unidad, reduciendo accidentes de trabajo o p\u00e9rdidas de mercanc\u00eda.[\/vc_column_text][\/vc_column_inner][\/vc_row_inner]<\/div>[\/vc_column][\/vc_row][\/vc_section][vc_section full_width=&#8221;stretch_row&#8221; css=&#8221;.vc_custom_1633711432920{background-color: #f7f7f7 !important;}&#8221; el_id=&#8221;marcas&#8221;][vc_row][vc_column][vc_row_inner][vc_column_inner]<div class=\"mgt-header-block clearfix text-center text-black wpb_content_element  mgt-header-block-style-1 mgt-header-texttransform-header \"><h2 class=\"mgt-header-block-title\">Marcas Principales<\/h2><div class=\"mgt-header-line\"><\/div><\/div>[\/vc_column_inner][\/vc_row_inner]<div style=\"visibility: hidden;\" id=\"carousel-anything-2\" class=\"gambit-carousel-anything carousel-anything-container owl-ca-carousel  has-arrows ca-equal-height\" data-slide-anim=\"\" data-rtl=\"false\" data-items=\"4\"data-totalitems=\"4\" data-scroll_per_page=\"\" data-autoplay=\"5000\"data-items-tablet=\"2\" data-items-mobile=\"1\" data-stop-on-hover=\"\" data-speed-scroll=\"800\" data-speed-rewind=\"1000\"data-thumbnails=\"arrow\" data-navigation=\"true\" data-touchdrag=\"false\" data-keyboard=\"false\" data-alignment=\"50\"data-start=\"0\">[vc_row_inner][vc_column_inner][vc_single_image image=&#8221;3657&#8243; img_size=&#8221;medium&#8221; alignment=&#8221;center&#8221;][\/vc_column_inner][\/vc_row_inner][vc_row_inner][vc_column_inner][vc_single_image image=&#8221;3656&#8243; img_size=&#8221;medium&#8221; alignment=&#8221;center&#8221;][\/vc_column_inner][\/vc_row_inner][vc_row_inner][vc_column_inner][vc_single_image image=&#8221;3659&#8243; img_size=&#8221;medium&#8221; alignment=&#8221;center&#8221;][\/vc_column_inner][\/vc_row_inner][vc_row_inner][vc_column_inner][vc_single_image image=&#8221;3655&#8243; img_size=&#8221;medium&#8221; alignment=&#8221;center&#8221;][\/vc_column_inner][\/vc_row_inner]<\/div>[\/vc_column][\/vc_row][\/vc_section][vc_section el_id=&#8221;desarrollo&#8221; css=&#8221;.vc_custom_1633710792977{padding-bottom: 125px !important;}&#8221;][vc_row][vc_column]<div class=\"mgt-header-block clearfix text-center text-black wpb_content_element  mgt-header-block-style-1 mgt-header-texttransform-both \"><h2 class=\"mgt-header-block-title\">Proyectos Desarrollados<\/h2><p class=\"mgt-header-block-subtitle\">Software<\/p><\/div>[\/vc_column][\/vc_row][vc_row css=&#8221;.vc_custom_1465901021290{margin-bottom: 30px !important;}&#8221;][vc_column width=&#8221;1\/3&#8243;]<style scoped='scoped'>.mgt-promo-block-chihuahuapagos.mgt-promo-block.darken .mgt-promo-block-content {background-color: rgba(10,10,10,0.38)!important;}.mgt-promo-block-chihuahuapagos.mgt-promo-block.animated:hover .mgt-promo-block-content {background-color: rgba(0,0,0,0.5)!important;}<\/style><div class=\"mgt-promo-block animated parallax white-text text-size-normal darken mgt-promo-block-chihuahuapagos wpb_content_element wpb_animate_when_almost_visible wpb_appear\" data-style=\"background-image: url(https:\/\/solmoviles.com.mx\/wp-content\/uploads\/2021\/12\/Graficos_I-Pagos.png);background-repeat: no-repeat;width: 100%; height: 220px;\"><div class=\"mgt-promo-block-content va-bottom\"><div class=\"mgt-promo-block-content-inside vc_custom_1639072947487\"><i class=\"fa fa-2 fa-hospital-o\"><!-- Icon --><\/i>\n<h3>Chihuahua Pagos<\/h3>\n<div class=\"icons_apps\"><a class=\"apps_moviles\" href=\"https:\/\/play.google.com\/store\/apps\/details?id=gov.gobchihuahua.ipagos\" target=\"_blank\" rel=\"noopener\"><img loading=\"lazy\" title=\"\" src=\"https:\/\/s0.wp.com\/wp-content\/themes\/a8c\/apps-2021\/i\/footer-google-play-badge-2x.png\" alt=\"Obtener en Google Play\" width=\"204\" height=\"68\" \/><\/a><br \/>\n<a class=\"apps_moviles\" href=\"https:\/\/apps.apple.com\/mx\/app\/chihuahua-pagos-2-0\/id1538823655\" target=\"_blank\" rel=\"noopener\"><img loading=\"lazy\" title=\"\" src=\"https:\/\/s0.wp.com\/wp-content\/themes\/a8c\/apps-2021\/i\/footer-ios-badge-2x.png\" alt=\"Descargar en el App Store\" width=\"230\" height=\"68\" \/><\/a><\/div>\n<\/div><\/div><\/div>[\/vc_column][vc_column width=&#8221;1\/3&#8243;]<style scoped='scoped'>.mgt-promo-block-adcom.mgt-promo-block.darken .mgt-promo-block-content {background-color: rgba(10,10,10,0.38)!important;}.mgt-promo-block-adcom.mgt-promo-block.animated:hover .mgt-promo-block-content {background-color: rgba(0,0,0,0.5)!important;}<\/style><div class=\"mgt-promo-block animated white-text cover-image text-size-normal darken mgt-promo-block-adcom wpb_content_element wpb_animate_when_almost_visible wpb_appear\" data-style=\"background-image: url(https:\/\/solmoviles.com.mx\/wp-content\/uploads\/2021\/10\/adcomLogo.jpeg);background-repeat: no-repeat;width: 100%; height: 220px;\"><div class=\"mgt-promo-block-content va-bottom\"><div class=\"mgt-promo-block-content-inside vc_custom_1634230941896\"><i class=\"fa fa-2 fa-home\"><!-- Icon --><\/i>\n<h3>Adcom<\/h3>\n<div class=\"icons_apps\"><a class=\"apps_moviles\" href=\"https:\/\/play.google.com\/store\/apps\/details?id=com.soluciones.adcom&amp;hl=es_MX\" target=\"_blank\" rel=\"noopener\"><img loading=\"lazy\" title=\"\" src=\"https:\/\/s0.wp.com\/wp-content\/themes\/a8c\/apps-2021\/i\/footer-google-play-badge-2x.png\" alt=\"Obtener en Google Play\" width=\"204\" height=\"68\" \/><\/a><br \/>\n<a class=\"apps_moviles\" href=\"https:\/\/apps.apple.com\/mx\/app\/adcom\/id1581138234\" target=\"_blank\" rel=\"noopener\"><img loading=\"lazy\" title=\"\" src=\"https:\/\/s0.wp.com\/wp-content\/themes\/a8c\/apps-2021\/i\/footer-ios-badge-2x.png\" alt=\"Descargar en el App Store\" width=\"230\" height=\"68\" \/><\/a><\/div>\n<\/div><\/div><\/div>[\/vc_column][vc_column width=&#8221;1\/3&#8243;]<style scoped='scoped'>.mgt-promo-block-trackit.mgt-promo-block.darken .mgt-promo-block-content {background-color: rgba(10,10,10,0.38)!important;}.mgt-promo-block-trackit.mgt-promo-block.animated:hover .mgt-promo-block-content {background-color: rgba(0,0,0,0.5)!important;}<\/style><div class=\"mgt-promo-block animated parallax white-text text-size-normal darken mgt-promo-block-trackit wpb_content_element wpb_animate_when_almost_visible wpb_appear\" data-style=\"background-image: url(https:\/\/solmoviles.com.mx\/wp-content\/uploads\/2021\/10\/trackitlogin.png);background-repeat: no-repeat;width: 100%; height: 220px;\"><div class=\"mgt-promo-block-content va-bottom\"><div class=\"mgt-promo-block-content-inside vc_custom_1639787550978\"><i class=\"fa fa-2 fa-hospital-o\"><!-- Icon --><\/i>\n<h3>Track.it<\/h3>\n<div class=\"icons_apps\"><a class=\"apps_moviles\" href=\"https:\/\/play.google.com\/store\/apps\/details?id=com.solmoviles.trackit\" target=\"_blank\" rel=\"noopener\"><img loading=\"lazy\" title=\"\" src=\"https:\/\/s0.wp.com\/wp-content\/themes\/a8c\/apps-2021\/i\/footer-google-play-badge-2x.png\" alt=\"Obtener en Google Play\" width=\"204\" height=\"68\" \/><\/a><br \/>\n<a class=\"apps_moviles\" href=\"https:\/\/apps.apple.com\/mx\/app\/track-it\/id1573456948\" target=\"_blank\" rel=\"noopener\"><img loading=\"lazy\" title=\"\" src=\"https:\/\/s0.wp.com\/wp-content\/themes\/a8c\/apps-2021\/i\/footer-ios-badge-2x.png\" alt=\"Descargar en el App Store\" width=\"230\" height=\"68\" \/><\/a><\/div>\n<\/div><\/div><\/div>[\/vc_column][\/vc_row][\/vc_section][vc_section full_width=&#8221;stretch_row&#8221; disable_element=&#8221;yes&#8221; css=&#8221;.vc_custom_1639005655557{padding-top: 45px !important;padding-bottom: 10px !important;background-color: #dbdbdb !important;}&#8221; el_id=&#8221;boletin&#8221;][vc_row][vc_column width=&#8221;2\/5&#8243; css=&#8221;.vc_custom_1633800053540{margin-top: -40px !important;}&#8221;]<div class=\"mgt-header-block clearfix text-left text-black wpb_content_element  mgt-header-block-style-1 mgt-header-texttransform-header \"><h2 class=\"mgt-header-block-title\">Suscr\u00edbete a nuestro bolet\u00edn<\/h2><p class=\"mgt-header-block-subtitle\">Recibe promociones \u00fanicas de nuestros productos<\/p><div class=\"mgt-header-line\"><\/div><\/div>[\/vc_column][vc_column width=&#8221;1\/5&#8243;][vc_raw_html]JTNDZGl2JTIwY2xhc3MlM0QlMjJpY29uLWJveCUyMiUyMHN0eWxlJTNEJTIyJTIyJTNFJTBBJTIwJTIwJTIwJTIwJTIwJTIwJTIwJTIwJTIwJTIwJTIwJTIwJTIwJTIwJTIwJTIwJTIwJTIwJTIwJTIwJTNDc3BhbiUyMGNsYXNzJTNEJTIyaWNvbiUyMGZsYXRpY29uLWVudmVsb3BlLTElMjIlM0UlM0MlMkZzcGFuJTNFJTBBJTIwJTIwJTIwJTIwJTIwJTIwJTIwJTIwJTIwJTIwJTIwJTIwJTIwJTIwJTIwJTIwJTNDJTJGZGl2JTNF[\/vc_raw_html][\/vc_column][vc_column width=&#8221;2\/5&#8243;][vc_column_text][yikes-mailchimp form=&#8221;1&#8243;][\/vc_column_text][\/vc_column][\/vc_row][\/vc_section]<\/p>\n","protected":false},"excerpt":{"rendered":"<p>[vc_section full_width=&#8221;stretch_row&#8221; el_id=&#8221;slider&#8221;][vc_row][vc_column][rev_slider_vc alias=&#8221;soluciones-2&#8243;][\/vc_column][\/vc_row][\/vc_section][vc_section full_width=&#8221;stretch_row&#8221; el_id=&#8221;contador&#8221;][vc_row full_width=&#8221;stretch_row&#8221; css=&#8221;.vc_custom_1633643205619{padding-top: 50px !important;padding-bottom: 50px !important;background: #f7f7f7 url(http:\/\/66.228.131.60\/wp-content\/uploads\/2021\/10\/pixel-grid.png?id=3169) !important;background-position: 0 0 !important;background-repeat: repeat !important;}&#8221;][vc_column width=&#8221;1\/4&#8243;][\/vc_column][vc_column width=&#8221;1\/4&#8243;][\/vc_column][vc_column width=&#8221;1\/4&#8243;][\/vc_column][vc_column width=&#8221;1\/4&#8243;][\/vc_column][\/vc_row][\/vc_section][vc_section el_id=&#8221;productos&#8221; css=&#8221;.vc_custom_1633710777450{padding-top: 40px !important;padding-bottom: 40px !important;}&#8221;][vc_row][vc_column][\/vc_column][\/vc_row][vc_row][vc_column][\/vc_column][\/vc_row][\/vc_section][vc_section&#8230;<\/p>\n","protected":false},"author":1,"featured_media":0,"parent":0,"menu_order":0,"comment_status":"closed","ping_status":"closed","template":"","meta":[],"_links":{"self":[{"href":"https:\/\/solmoviles.com.mx\/index.php\/wp-json\/wp\/v2\/pages\/11"}],"collection":[{"href":"https:\/\/solmoviles.com.mx\/index.php\/wp-json\/wp\/v2\/pages"}],"about":[{"href":"https:\/\/solmoviles.com.mx\/index.php\/wp-json\/wp\/v2\/types\/page"}],"author":[{"embeddable":true,"href":"https:\/\/solmoviles.com.mx\/index.php\/wp-json\/wp\/v2\/users\/1"}],"replies":[{"embeddable":true,"href":"https:\/\/solmoviles.com.mx\/index.php\/wp-json\/wp\/v2\/comments?post=11"}],"version-history":[{"count":105,"href":"https:\/\/solmoviles.com.mx\/index.php\/wp-json\/wp\/v2\/pages\/11\/revisions"}],"predecessor-version":[{"id":3793,"href":"https:\/\/solmoviles.com.mx\/index.php\/wp-json\/wp\/v2\/pages\/11\/revisions\/3793"}],"wp:attachment":[{"href":"https:\/\/solmoviles.com.mx\/index.php\/wp-json\/wp\/v2\/media?parent=11"}],"curies":[{"name":"wp","href":"https:\/\/api.w.org\/{rel}","templated":true}]}}